{"id":327,"date":"2020-08-28T11:07:23","date_gmt":"2020-08-28T09:07:23","guid":{"rendered":"https:\/\/holtsapfel-euromoda.cz\/obchod\/"},"modified":"2025-08-26T11:14:34","modified_gmt":"2025-08-26T09:14:34","slug":"obchod","status":"publish","type":"page","link":"https:\/\/holtsapfel-euromoda.cz\/cs\/obchod\/","title":{"rendered":"SHOP"},"content":{"rendered":"<p>[et_pb_section fb_built=&#8220;1&#8243; _builder_version=&#8220;4.27.4&#8243; _module_preset=&#8220;default&#8220; da_disable_devices=&#8220;off|off|off&#8220; global_colors_info=&#8220;{}&#8220; da_is_popup=&#8220;off&#8220; da_exit_intent=&#8220;off&#8220; da_has_close=&#8220;on&#8220; da_alt_close=&#8220;off&#8220; da_dark_close=&#8220;off&#8220; da_not_modal=&#8220;on&#8220; da_is_singular=&#8220;off&#8220; da_with_loader=&#8220;off&#8220; da_has_shadow=&#8220;on&#8220;][et_pb_row _builder_version=&#8220;4.27.4&#8243; _module_preset=&#8220;default&#8220; global_colors_info=&#8220;{}&#8220;][et_pb_column type=&#8220;4_4&#8243; _builder_version=&#8220;4.27.4&#8243; _module_preset=&#8220;default&#8220; global_colors_info=&#8220;{}&#8220;][et_pb_shop _builder_version=&#8220;4.27.4&#8243; _module_preset=&#8220;default&#8220; hover_enabled=&#8220;0&#8243; global_colors_info=&#8220;{}&#8220; columns_number=&#8220;3&#8243; sticky_enabled=&#8220;0&#8243;][\/et_pb_shop][\/et_pb_column][\/et_pb_row][et_pb_row column_structure=&#8220;1_4,1_4,1_4,1_4&#8243; make_equal=&#8220;on&#8220; custom_padding_last_edited=&#8220;on|phone&#8220; module_id=&#8220;footer&#8220; _builder_version=&#8220;4.27.4&#8243; _module_preset=&#8220;default&#8220; background_color=&#8220;#003BCF&#8220; background_enable_image=&#8220;off&#8220; max_width=&#8220;100%&#8220; module_alignment=&#8220;center&#8220; custom_margin=&#8220;2%||0px||false|false&#8220; custom_padding=&#8220;2%|2%||2%|false|true&#8220; custom_padding_tablet=&#8220;2%|2%|0px|2%|false|true&#8220; custom_padding_phone=&#8220;5%|5%|2%|5%|false|true&#8220; custom_css_main_element=&#8220;display:flex;&#8220; border_radii=&#8220;off|15px|15px||&#8220; global_colors_info=&#8220;{}&#8220;][et_pb_column type=&#8220;1_4&#8243; _builder_version=&#8220;4.27.4&#8243; _module_preset=&#8220;default&#8220; global_colors_info=&#8220;{}&#8220;][et_pb_heading title=&#8220;COMPANY ADRESS&#8220; _builder_version=&#8220;4.27.4&#8243; _module_preset=&#8220;default&#8220; title_level=&#8220;h4&#8243; title_text_align=&#8220;left&#8220; title_text_color=&#8220;#FFFFFF&#8220; custom_margin=&#8220;||28px|||&#8220; global_colors_info=&#8220;{}&#8220;][\/et_pb_heading][et_pb_text _builder_version=&#8220;4.27.4&#8243; _module_preset=&#8220;default&#8220; text_text_color=&#8220;#FFFFFF&#8220; text_font_size=&#8220;12px&#8220; text_line_height=&#8220;1em&#8220; global_colors_info=&#8220;{}&#8220;]<\/p>\n<p>Kosteln\u00ed 435<\/p>\n<p>43401 Most (Star\u00fd Most)<\/p>\n<p>Czech Republic<\/p>\n<p>[\/et_pb_text][\/et_pb_column][et_pb_column type=&#8220;1_4&#8243; _builder_version=&#8220;4.27.4&#8243; _module_preset=&#8220;default&#8220; global_colors_info=&#8220;{}&#8220;][et_pb_heading title=&#8220;BILLING ADRESS&#8220; _builder_version=&#8220;4.27.4&#8243; _module_preset=&#8220;default&#8220; title_level=&#8220;h4&#8243; title_text_align=&#8220;left&#8220; title_text_color=&#8220;#FFFFFF&#8220; custom_margin=&#8220;||28px|||&#8220; custom_margin_tablet=&#8220;||28px|||&#8220; custom_margin_phone=&#8220;30px||28px||false|false&#8220; custom_margin_last_edited=&#8220;on|phone&#8220; global_colors_info=&#8220;{}&#8220;][\/et_pb_heading][et_pb_text _builder_version=&#8220;4.27.4&#8243; _module_preset=&#8220;default&#8220; text_text_color=&#8220;#FFFFFF&#8220; text_font_size=&#8220;12px&#8220; text_line_height=&#8220;1em&#8220; global_colors_info=&#8220;{}&#8220;]<\/p>\n<p>M.Al\u0161e 2148\/3<\/p>\n<p>43401 Most<\/p>\n<p>Czech Republic<\/p>\n<p>[\/et_pb_text][\/et_pb_column][et_pb_column type=&#8220;1_4&#8243; _builder_version=&#8220;4.27.4&#8243; _module_preset=&#8220;default&#8220; global_colors_info=&#8220;{}&#8220;][et_pb_heading title=&#8220;CONTACT PERSON&#8220; _builder_version=&#8220;4.27.4&#8243; _module_preset=&#8220;default&#8220; title_level=&#8220;h4&#8243; title_text_align=&#8220;left&#8220; title_text_color=&#8220;#FFFFFF&#8220; custom_margin=&#8220;||28px|||&#8220; custom_margin_tablet=&#8220;30px||||false|false&#8220; custom_margin_phone=&#8220;30px||||false|false&#8220; custom_margin_last_edited=&#8220;on|tablet&#8220; global_colors_info=&#8220;{}&#8220;][\/et_pb_heading][et_pb_text _builder_version=&#8220;4.27.4&#8243; _module_preset=&#8220;default&#8220; text_text_color=&#8220;#FFFFFF&#8220; text_font_size=&#8220;12px&#8220; text_line_height=&#8220;1em&#8220; global_colors_info=&#8220;{}&#8220;]<\/p>\n<p>Larysa Holtsapfel<\/p>\n<p><span style=\"color: #ffffff;\"><a href=\"mailto:info@holtsapfel-euromoda.cz\" style=\"color: #ffffff;\">info@holtsapfel-euromoda.cz<\/a><\/span><\/p>\n<p><span style=\"color: #ffffff;\"><a href=\"tel:+420720415705\" style=\"color: #ffffff;\">+420 720 415 705<\/a><\/span><\/p>\n<p>[\/et_pb_text][\/et_pb_column][et_pb_column type=&#8220;1_4&#8243; _builder_version=&#8220;4.27.4&#8243; _module_preset=&#8220;default&#8220; global_colors_info=&#8220;{}&#8220;][et_pb_heading title=&#8220;BANK ACCOUNT&#8220; _builder_version=&#8220;4.27.4&#8243; _module_preset=&#8220;default&#8220; title_level=&#8220;h4&#8243; title_text_align=&#8220;left&#8220; title_text_color=&#8220;#FFFFFF&#8220; custom_margin=&#8220;||28px|||&#8220; custom_margin_tablet=&#8220;30px||28px||false|false&#8220; custom_margin_phone=&#8220;30px||28px||false|false&#8220; custom_margin_last_edited=&#8220;on|tablet&#8220; global_colors_info=&#8220;{}&#8220;][\/et_pb_heading][et_pb_text _builder_version=&#8220;4.27.4&#8243; _module_preset=&#8220;default&#8220; text_text_color=&#8220;#FFFFFF&#8220; text_font_size=&#8220;12px&#8220; text_line_height=&#8220;1em&#8220; global_colors_info=&#8220;{}&#8220;]<\/p>\n<p>CZ B\u00da: 115-4010130237\/0100<\/p>\n<p>EU IBAN: CZ20 0100 0001 1569 6517 0257<\/p>\n<p>EU BIC\/SWIFT: KOMBCZPPXXX<\/p>\n<p>[\/et_pb_text][\/et_pb_column][\/et_pb_row][et_pb_row column_structure=&#8220;1_2,1_6,1_6,1_6&#8243; make_equal=&#8220;on&#8220; _builder_version=&#8220;4.27.4&#8243; _module_preset=&#8220;default&#8220; background_color=&#8220;#003BCF&#8220; background_enable_image=&#8220;off&#8220; max_width=&#8220;100%&#8220; module_alignment=&#8220;center&#8220; custom_margin=&#8220;0px||||false|false&#8220; custom_padding=&#8220;|2%|2%|2%|false|true&#8220; custom_css_main_element=&#8220;display:flex;&#8220; border_radii=&#8220;off|||15px|15px&#8220; global_colors_info=&#8220;{}&#8220; custom_css_main_element_last_edited=&#8220;on|desktop&#8220; custom_css_main_element_tablet=&#8220; &#8220; custom_css_main_element_phone=&#8220; &#8220; theme_builder_area=&#8220;post_content&#8220;][et_pb_column type=&#8220;1_2&#8243; _builder_version=&#8220;4.27.4&#8243; _module_preset=&#8220;default&#8220; custom_css_main_element=&#8220;margin: auto auto 0;||display: flex;||justify-content: space-between;||align-items: center;&#8220; global_colors_info=&#8220;{}&#8220; custom_css_main_element_last_edited=&#8220;on|tablet&#8220; custom_css_main_element_tablet=&#8220; &#8220; custom_css_main_element_phone=&#8220; &#8220; theme_builder_area=&#8220;post_content&#8220;][et_pb_text _builder_version=&#8220;4.27.4&#8243; _module_preset=&#8220;default&#8220; text_text_color=&#8220;rgba(239,255,246,0.54)&#8220; text_font_size=&#8220;12px&#8220; global_colors_info=&#8220;{}&#8220; theme_builder_area=&#8220;post_content&#8220;]<\/p>\n<p>\u00a9 2025 HOLTSAPFEL-EUROMODA s.r.o. VAT: 05742714<\/p>\n<p>[\/et_pb_text][\/et_pb_column][et_pb_column type=&#8220;1_6&#8243; _builder_version=&#8220;4.27.4&#8243; _module_preset=&#8220;default&#8220; custom_css_main_element=&#8220;margin: auto auto 0;||display: flex;||justify-content: space-between;||align-items: center;&#8220; global_colors_info=&#8220;{}&#8220; custom_css_main_element_last_edited=&#8220;on|tablet&#8220; custom_css_main_element_tablet=&#8220; &#8220; custom_css_main_element_phone=&#8220; &#8220; theme_builder_area=&#8220;post_content&#8220;][\/et_pb_column][et_pb_column type=&#8220;1_6&#8243; _builder_version=&#8220;4.27.4&#8243; _module_preset=&#8220;default&#8220; custom_css_main_element=&#8220;margin: auto auto 0;||display: flex;||justify-content: space-between;||align-items: center;&#8220; global_colors_info=&#8220;{}&#8220; custom_css_main_element_last_edited=&#8220;on|tablet&#8220; custom_css_main_element_tablet=&#8220; &#8220; custom_css_main_element_phone=&#8220; &#8220; theme_builder_area=&#8220;post_content&#8220;][\/et_pb_column][et_pb_column type=&#8220;1_6&#8243; _builder_version=&#8220;4.27.4&#8243; _module_preset=&#8220;default&#8220; custom_css_main_element=&#8220;margin: auto auto 0;||display: flex;||justify-content: space-between;||align-items: center;&#8220; global_colors_info=&#8220;{}&#8220; custom_css_main_element_last_edited=&#8220;on|tablet&#8220; custom_css_main_element_tablet=&#8220; &#8220; custom_css_main_element_phone=&#8220; &#8220; theme_builder_area=&#8220;post_content&#8220;][\/et_pb_column][\/et_pb_row][\/et_pb_section]<\/p>\n","protected":false},"excerpt":{"rendered":"<p>Kosteln\u00ed 435 43401 Most (Star\u00fd Most) Czech RepublicM.Al\u0161e 2148\/3 43401 Most Czech RepublicLarysa Holtsapfel info@holtsapfel-euromoda.cz +420 720 415 705CZ B\u00da: 115-4010130237\/0100 EU IBAN: CZ20 0100 0001 1569 6517 0257 EU BIC\/SWIFT: KOMBCZPPXXX\u00a9 2025 HOLTSAPFEL-EUROMODA s.r.o. VAT: 05742714<\/p>\n","protected":false},"author":1,"featured_media":0,"parent":0,"menu_order":0,"comment_status":"closed","ping_status":"closed","template":"","meta":{"_et_pb_use_builder":"on","_et_pb_old_content":"<!-- wp:themify-builder\/canvas \/-->","_et_gb_content_width":"","footnotes":""},"class_list":["post-327","page","type-page","status-publish","hentry"],"yoast_head":"<!-- This site is optimized with the Yoast SEO plugin v26.7 - https:\/\/yoast.com\/wordpress\/plugins\/seo\/ -->\n<title>SHOP - EUROMODA - Holtsapfel<\/title>\n<meta name=\"robots\" content=\"index, follow, max-snippet:-1, max-image-preview:large, max-video-preview:-1\" \/>\n<link rel=\"canonical\" href=\"https:\/\/holtsapfel-euromoda.cz\/cs\/obchod\/\" \/>\n<meta property=\"og:locale\" content=\"cs_CZ\" \/>\n<meta property=\"og:type\" content=\"article\" \/>\n<meta property=\"og:title\" content=\"SHOP - EUROMODA - Holtsapfel\" \/>\n<meta property=\"og:description\" content=\"Kosteln\u00ed 435 43401 Most (Star\u00fd Most) Czech RepublicM.Al\u0161e 2148\/3 43401 Most Czech RepublicLarysa Holtsapfel info@holtsapfel-euromoda.cz +420 720 415 705CZ B\u00da: 115-4010130237\/0100 EU IBAN: CZ20 0100 0001 1569 6517 0257 EU BIC\/SWIFT: KOMBCZPPXXX\u00a9 2025 HOLTSAPFEL-EUROMODA s.r.o. VAT: 05742714\" \/>\n<meta property=\"og:url\" content=\"https:\/\/holtsapfel-euromoda.cz\/cs\/obchod\/\" \/>\n<meta property=\"og:site_name\" content=\"EUROMODA - Holtsapfel\" \/>\n<meta property=\"article:modified_time\" content=\"2025-08-26T09:14:34+00:00\" \/>\n<meta name=\"twitter:card\" content=\"summary_large_image\" \/>\n<meta name=\"twitter:label1\" content=\"Odhadovan\u00e1 doba \u010dten\u00ed\" \/>\n\t<meta name=\"twitter:data1\" content=\"4 minuty\" \/>\n<script type=\"application\/ld+json\" class=\"yoast-schema-graph\">{\"@context\":\"https:\/\/schema.org\",\"@graph\":[{\"@type\":\"WebPage\",\"@id\":\"https:\/\/holtsapfel-euromoda.cz\/cs\/obchod\/\",\"url\":\"https:\/\/holtsapfel-euromoda.cz\/cs\/obchod\/\",\"name\":\"SHOP - EUROMODA - Holtsapfel\",\"isPartOf\":{\"@id\":\"https:\/\/holtsapfel-euromoda.cz\/cs\/#website\"},\"datePublished\":\"2020-08-28T09:07:23+00:00\",\"dateModified\":\"2025-08-26T09:14:34+00:00\",\"breadcrumb\":{\"@id\":\"https:\/\/holtsapfel-euromoda.cz\/cs\/obchod\/#breadcrumb\"},\"inLanguage\":\"cs\",\"potentialAction\":[{\"@type\":\"ReadAction\",\"target\":[\"https:\/\/holtsapfel-euromoda.cz\/cs\/obchod\/\"]}]},{\"@type\":\"BreadcrumbList\",\"@id\":\"https:\/\/holtsapfel-euromoda.cz\/cs\/obchod\/#breadcrumb\",\"itemListElement\":[{\"@type\":\"ListItem\",\"position\":1,\"name\":\"Startseite\",\"item\":\"https:\/\/holtsapfel-euromoda.cz\/cs\/\"},{\"@type\":\"ListItem\",\"position\":2,\"name\":\"SHOP\"}]},{\"@type\":\"WebSite\",\"@id\":\"https:\/\/holtsapfel-euromoda.cz\/cs\/#website\",\"url\":\"https:\/\/holtsapfel-euromoda.cz\/cs\/\",\"name\":\"EUROMODA - Holtsapfel\",\"description\":\"Zpracov\u00e1n\u00ed textilu  a mal\u00e1 s\u00e9riov\u00e1 v\u00fdroba pro velk\u00e9 a men\u0161\u00ed firmy\",\"publisher\":{\"@id\":\"https:\/\/holtsapfel-euromoda.cz\/cs\/#organization\"},\"potentialAction\":[{\"@type\":\"SearchAction\",\"target\":{\"@type\":\"EntryPoint\",\"urlTemplate\":\"https:\/\/holtsapfel-euromoda.cz\/cs\/?s={search_term_string}\"},\"query-input\":{\"@type\":\"PropertyValueSpecification\",\"valueRequired\":true,\"valueName\":\"search_term_string\"}}],\"inLanguage\":\"cs\"},{\"@type\":\"Organization\",\"@id\":\"https:\/\/holtsapfel-euromoda.cz\/cs\/#organization\",\"name\":\"EUROMODA - Holtsapfel\",\"url\":\"https:\/\/holtsapfel-euromoda.cz\/cs\/\",\"logo\":{\"@type\":\"ImageObject\",\"inLanguage\":\"cs\",\"@id\":\"https:\/\/holtsapfel-euromoda.cz\/cs\/#\/schema\/logo\/image\/\",\"url\":\"https:\/\/holtsapfel-euromoda.cz\/wp-content\/uploads\/2025\/06\/LOGO_ONLINE_Kreslici-platno-1.png\",\"contentUrl\":\"https:\/\/holtsapfel-euromoda.cz\/wp-content\/uploads\/2025\/06\/LOGO_ONLINE_Kreslici-platno-1.png\",\"width\":1160,\"height\":334,\"caption\":\"EUROMODA - Holtsapfel\"},\"image\":{\"@id\":\"https:\/\/holtsapfel-euromoda.cz\/cs\/#\/schema\/logo\/image\/\"}}]}<\/script>\n<!-- \/ Yoast SEO plugin. -->","yoast_head_json":{"title":"SHOP - EUROMODA - Holtsapfel","robots":{"index":"index","follow":"follow","max-snippet":"max-snippet:-1","max-image-preview":"max-image-preview:large","max-video-preview":"max-video-preview:-1"},"canonical":"https:\/\/holtsapfel-euromoda.cz\/cs\/obchod\/","og_locale":"cs_CZ","og_type":"article","og_title":"SHOP - EUROMODA - Holtsapfel","og_description":"Kosteln\u00ed 435 43401 Most (Star\u00fd Most) Czech RepublicM.Al\u0161e 2148\/3 43401 Most Czech RepublicLarysa Holtsapfel info@holtsapfel-euromoda.cz +420 720 415 705CZ B\u00da: 115-4010130237\/0100 EU IBAN: CZ20 0100 0001 1569 6517 0257 EU BIC\/SWIFT: KOMBCZPPXXX\u00a9 2025 HOLTSAPFEL-EUROMODA s.r.o. VAT: 05742714","og_url":"https:\/\/holtsapfel-euromoda.cz\/cs\/obchod\/","og_site_name":"EUROMODA - Holtsapfel","article_modified_time":"2025-08-26T09:14:34+00:00","twitter_card":"summary_large_image","twitter_misc":{"Odhadovan\u00e1 doba \u010dten\u00ed":"4 minuty"},"schema":{"@context":"https:\/\/schema.org","@graph":[{"@type":"WebPage","@id":"https:\/\/holtsapfel-euromoda.cz\/cs\/obchod\/","url":"https:\/\/holtsapfel-euromoda.cz\/cs\/obchod\/","name":"SHOP - EUROMODA - Holtsapfel","isPartOf":{"@id":"https:\/\/holtsapfel-euromoda.cz\/cs\/#website"},"datePublished":"2020-08-28T09:07:23+00:00","dateModified":"2025-08-26T09:14:34+00:00","breadcrumb":{"@id":"https:\/\/holtsapfel-euromoda.cz\/cs\/obchod\/#breadcrumb"},"inLanguage":"cs","potentialAction":[{"@type":"ReadAction","target":["https:\/\/holtsapfel-euromoda.cz\/cs\/obchod\/"]}]},{"@type":"BreadcrumbList","@id":"https:\/\/holtsapfel-euromoda.cz\/cs\/obchod\/#breadcrumb","itemListElement":[{"@type":"ListItem","position":1,"name":"Startseite","item":"https:\/\/holtsapfel-euromoda.cz\/cs\/"},{"@type":"ListItem","position":2,"name":"SHOP"}]},{"@type":"WebSite","@id":"https:\/\/holtsapfel-euromoda.cz\/cs\/#website","url":"https:\/\/holtsapfel-euromoda.cz\/cs\/","name":"EUROMODA - Holtsapfel","description":"Zpracov\u00e1n\u00ed textilu  a mal\u00e1 s\u00e9riov\u00e1 v\u00fdroba pro velk\u00e9 a men\u0161\u00ed firmy","publisher":{"@id":"https:\/\/holtsapfel-euromoda.cz\/cs\/#organization"},"potentialAction":[{"@type":"SearchAction","target":{"@type":"EntryPoint","urlTemplate":"https:\/\/holtsapfel-euromoda.cz\/cs\/?s={search_term_string}"},"query-input":{"@type":"PropertyValueSpecification","valueRequired":true,"valueName":"search_term_string"}}],"inLanguage":"cs"},{"@type":"Organization","@id":"https:\/\/holtsapfel-euromoda.cz\/cs\/#organization","name":"EUROMODA - Holtsapfel","url":"https:\/\/holtsapfel-euromoda.cz\/cs\/","logo":{"@type":"ImageObject","inLanguage":"cs","@id":"https:\/\/holtsapfel-euromoda.cz\/cs\/#\/schema\/logo\/image\/","url":"https:\/\/holtsapfel-euromoda.cz\/wp-content\/uploads\/2025\/06\/LOGO_ONLINE_Kreslici-platno-1.png","contentUrl":"https:\/\/holtsapfel-euromoda.cz\/wp-content\/uploads\/2025\/06\/LOGO_ONLINE_Kreslici-platno-1.png","width":1160,"height":334,"caption":"EUROMODA - Holtsapfel"},"image":{"@id":"https:\/\/holtsapfel-euromoda.cz\/cs\/#\/schema\/logo\/image\/"}}]}},"_links":{"self":[{"href":"https:\/\/holtsapfel-euromoda.cz\/cs\/wp-json\/wp\/v2\/pages\/327","targetHints":{"allow":["GET"]}}],"collection":[{"href":"https:\/\/holtsapfel-euromoda.cz\/cs\/wp-json\/wp\/v2\/pages"}],"about":[{"href":"https:\/\/holtsapfel-euromoda.cz\/cs\/wp-json\/wp\/v2\/types\/page"}],"author":[{"embeddable":true,"href":"https:\/\/holtsapfel-euromoda.cz\/cs\/wp-json\/wp\/v2\/users\/1"}],"replies":[{"embeddable":true,"href":"https:\/\/holtsapfel-euromoda.cz\/cs\/wp-json\/wp\/v2\/comments?post=327"}],"version-history":[{"count":35,"href":"https:\/\/holtsapfel-euromoda.cz\/cs\/wp-json\/wp\/v2\/pages\/327\/revisions"}],"predecessor-version":[{"id":964,"href":"https:\/\/holtsapfel-euromoda.cz\/cs\/wp-json\/wp\/v2\/pages\/327\/revisions\/964"}],"wp:attachment":[{"href":"https:\/\/holtsapfel-euromoda.cz\/cs\/wp-json\/wp\/v2\/media?parent=327"}],"curies":[{"name":"wp","href":"https:\/\/api.w.org\/{rel}","templated":true}]}}