{"id":328,"date":"2020-08-28T11:07:23","date_gmt":"2020-08-28T09:07:23","guid":{"rendered":"https:\/\/holtsapfel-euromoda.cz\/kosik\/"},"modified":"2025-08-24T08:45:06","modified_gmt":"2025-08-24T06:45:06","slug":"kosik","status":"publish","type":"page","link":"https:\/\/holtsapfel-euromoda.cz\/cs\/kosik\/","title":{"rendered":"Cart"},"content":{"rendered":"\n\n\n","protected":false},"excerpt":{"rendered":"","protected":false},"author":1,"featured_media":0,"parent":0,"menu_order":0,"comment_status":"closed","ping_status":"closed","template":"","meta":{"_et_pb_use_builder":"","_et_pb_old_content":"","_et_gb_content_width":"2880","footnotes":""},"class_list":["post-328","page","type-page","status-publish","hentry"],"yoast_head":"<!-- This site is optimized with the Yoast SEO plugin v26.7 - https:\/\/yoast.com\/wordpress\/plugins\/seo\/ -->\n<title>Cart - EUROMODA - Holtsapfel<\/title>\n<meta name=\"robots\" content=\"index, follow, max-snippet:-1, max-image-preview:large, max-video-preview:-1\" \/>\n<link rel=\"canonical\" href=\"https:\/\/holtsapfel-euromoda.cz\/cs\/kosik\/\" \/>\n<meta property=\"og:locale\" content=\"cs_CZ\" \/>\n<meta property=\"og:type\" content=\"article\" \/>\n<meta property=\"og:title\" content=\"Cart - EUROMODA - Holtsapfel\" \/>\n<meta property=\"og:url\" content=\"https:\/\/holtsapfel-euromoda.cz\/cs\/kosik\/\" \/>\n<meta property=\"og:site_name\" content=\"EUROMODA - Holtsapfel\" \/>\n<meta property=\"article:modified_time\" content=\"2025-08-24T06:45:06+00:00\" \/>\n<meta name=\"twitter:card\" content=\"summary_large_image\" \/>\n<script type=\"application\/ld+json\" class=\"yoast-schema-graph\">{\"@context\":\"https:\/\/schema.org\",\"@graph\":[{\"@type\":\"WebPage\",\"@id\":\"https:\/\/holtsapfel-euromoda.cz\/cs\/kosik\/\",\"url\":\"https:\/\/holtsapfel-euromoda.cz\/cs\/kosik\/\",\"name\":\"Cart - EUROMODA - Holtsapfel\",\"isPartOf\":{\"@id\":\"https:\/\/holtsapfel-euromoda.cz\/cs\/#website\"},\"datePublished\":\"2020-08-28T09:07:23+00:00\",\"dateModified\":\"2025-08-24T06:45:06+00:00\",\"breadcrumb\":{\"@id\":\"https:\/\/holtsapfel-euromoda.cz\/cs\/kosik\/#breadcrumb\"},\"inLanguage\":\"cs\",\"potentialAction\":[{\"@type\":\"ReadAction\",\"target\":[\"https:\/\/holtsapfel-euromoda.cz\/cs\/kosik\/\"]}]},{\"@type\":\"BreadcrumbList\",\"@id\":\"https:\/\/holtsapfel-euromoda.cz\/cs\/kosik\/#breadcrumb\",\"itemListElement\":[{\"@type\":\"ListItem\",\"position\":1,\"name\":\"Startseite\",\"item\":\"https:\/\/holtsapfel-euromoda.cz\/cs\/\"},{\"@type\":\"ListItem\",\"position\":2,\"name\":\"Cart\"}]},{\"@type\":\"WebSite\",\"@id\":\"https:\/\/holtsapfel-euromoda.cz\/cs\/#website\",\"url\":\"https:\/\/holtsapfel-euromoda.cz\/cs\/\",\"name\":\"EUROMODA - Holtsapfel\",\"description\":\"Zpracov\u00e1n\u00ed textilu  a mal\u00e1 s\u00e9riov\u00e1 v\u00fdroba pro velk\u00e9 a men\u0161\u00ed firmy\",\"publisher\":{\"@id\":\"https:\/\/holtsapfel-euromoda.cz\/cs\/#organization\"},\"potentialAction\":[{\"@type\":\"SearchAction\",\"target\":{\"@type\":\"EntryPoint\",\"urlTemplate\":\"https:\/\/holtsapfel-euromoda.cz\/cs\/?s={search_term_string}\"},\"query-input\":{\"@type\":\"PropertyValueSpecification\",\"valueRequired\":true,\"valueName\":\"search_term_string\"}}],\"inLanguage\":\"cs\"},{\"@type\":\"Organization\",\"@id\":\"https:\/\/holtsapfel-euromoda.cz\/cs\/#organization\",\"name\":\"EUROMODA - Holtsapfel\",\"url\":\"https:\/\/holtsapfel-euromoda.cz\/cs\/\",\"logo\":{\"@type\":\"ImageObject\",\"inLanguage\":\"cs\",\"@id\":\"https:\/\/holtsapfel-euromoda.cz\/cs\/#\/schema\/logo\/image\/\",\"url\":\"https:\/\/holtsapfel-euromoda.cz\/wp-content\/uploads\/2025\/06\/LOGO_ONLINE_Kreslici-platno-1.png\",\"contentUrl\":\"https:\/\/holtsapfel-euromoda.cz\/wp-content\/uploads\/2025\/06\/LOGO_ONLINE_Kreslici-platno-1.png\",\"width\":1160,\"height\":334,\"caption\":\"EUROMODA - Holtsapfel\"},\"image\":{\"@id\":\"https:\/\/holtsapfel-euromoda.cz\/cs\/#\/schema\/logo\/image\/\"}}]}<\/script>\n<!-- \/ Yoast SEO plugin. -->","yoast_head_json":{"title":"Cart - EUROMODA - Holtsapfel","robots":{"index":"index","follow":"follow","max-snippet":"max-snippet:-1","max-image-preview":"max-image-preview:large","max-video-preview":"max-video-preview:-1"},"canonical":"https:\/\/holtsapfel-euromoda.cz\/cs\/kosik\/","og_locale":"cs_CZ","og_type":"article","og_title":"Cart - EUROMODA - Holtsapfel","og_url":"https:\/\/holtsapfel-euromoda.cz\/cs\/kosik\/","og_site_name":"EUROMODA - Holtsapfel","article_modified_time":"2025-08-24T06:45:06+00:00","twitter_card":"summary_large_image","schema":{"@context":"https:\/\/schema.org","@graph":[{"@type":"WebPage","@id":"https:\/\/holtsapfel-euromoda.cz\/cs\/kosik\/","url":"https:\/\/holtsapfel-euromoda.cz\/cs\/kosik\/","name":"Cart - EUROMODA - Holtsapfel","isPartOf":{"@id":"https:\/\/holtsapfel-euromoda.cz\/cs\/#website"},"datePublished":"2020-08-28T09:07:23+00:00","dateModified":"2025-08-24T06:45:06+00:00","breadcrumb":{"@id":"https:\/\/holtsapfel-euromoda.cz\/cs\/kosik\/#breadcrumb"},"inLanguage":"cs","potentialAction":[{"@type":"ReadAction","target":["https:\/\/holtsapfel-euromoda.cz\/cs\/kosik\/"]}]},{"@type":"BreadcrumbList","@id":"https:\/\/holtsapfel-euromoda.cz\/cs\/kosik\/#breadcrumb","itemListElement":[{"@type":"ListItem","position":1,"name":"Startseite","item":"https:\/\/holtsapfel-euromoda.cz\/cs\/"},{"@type":"ListItem","position":2,"name":"Cart"}]},{"@type":"WebSite","@id":"https:\/\/holtsapfel-euromoda.cz\/cs\/#website","url":"https:\/\/holtsapfel-euromoda.cz\/cs\/","name":"EUROMODA - Holtsapfel","description":"Zpracov\u00e1n\u00ed textilu  a mal\u00e1 s\u00e9riov\u00e1 v\u00fdroba pro velk\u00e9 a men\u0161\u00ed firmy","publisher":{"@id":"https:\/\/holtsapfel-euromoda.cz\/cs\/#organization"},"potentialAction":[{"@type":"SearchAction","target":{"@type":"EntryPoint","urlTemplate":"https:\/\/holtsapfel-euromoda.cz\/cs\/?s={search_term_string}"},"query-input":{"@type":"PropertyValueSpecification","valueRequired":true,"valueName":"search_term_string"}}],"inLanguage":"cs"},{"@type":"Organization","@id":"https:\/\/holtsapfel-euromoda.cz\/cs\/#organization","name":"EUROMODA - Holtsapfel","url":"https:\/\/holtsapfel-euromoda.cz\/cs\/","logo":{"@type":"ImageObject","inLanguage":"cs","@id":"https:\/\/holtsapfel-euromoda.cz\/cs\/#\/schema\/logo\/image\/","url":"https:\/\/holtsapfel-euromoda.cz\/wp-content\/uploads\/2025\/06\/LOGO_ONLINE_Kreslici-platno-1.png","contentUrl":"https:\/\/holtsapfel-euromoda.cz\/wp-content\/uploads\/2025\/06\/LOGO_ONLINE_Kreslici-platno-1.png","width":1160,"height":334,"caption":"EUROMODA - Holtsapfel"},"image":{"@id":"https:\/\/holtsapfel-euromoda.cz\/cs\/#\/schema\/logo\/image\/"}}]}},"_links":{"self":[{"href":"https:\/\/holtsapfel-euromoda.cz\/cs\/wp-json\/wp\/v2\/pages\/328","targetHints":{"allow":["GET"]}}],"collection":[{"href":"https:\/\/holtsapfel-euromoda.cz\/cs\/wp-json\/wp\/v2\/pages"}],"about":[{"href":"https:\/\/holtsapfel-euromoda.cz\/cs\/wp-json\/wp\/v2\/types\/page"}],"author":[{"embeddable":true,"href":"https:\/\/holtsapfel-euromoda.cz\/cs\/wp-json\/wp\/v2\/users\/1"}],"replies":[{"embeddable":true,"href":"https:\/\/holtsapfel-euromoda.cz\/cs\/wp-json\/wp\/v2\/comments?post=328"}],"version-history":[{"count":4,"href":"https:\/\/holtsapfel-euromoda.cz\/cs\/wp-json\/wp\/v2\/pages\/328\/revisions"}],"predecessor-version":[{"id":916,"href":"https:\/\/holtsapfel-euromoda.cz\/cs\/wp-json\/wp\/v2\/pages\/328\/revisions\/916"}],"wp:attachment":[{"href":"https:\/\/holtsapfel-euromoda.cz\/cs\/wp-json\/wp\/v2\/media?parent=328"}],"curies":[{"name":"wp","href":"https:\/\/api.w.org\/{rel}","templated":true}]}}