{"id":1326,"date":"2020-08-28T11:17:51","date_gmt":"2020-08-28T09:17:51","guid":{"rendered":"https:\/\/holtsapfel-euromoda.cz\/produkt\/disposable-protective-cover-packaging\/"},"modified":"2025-11-18T09:42:15","modified_gmt":"2025-11-18T08:42:15","slug":"disposable-protective-cover-packaging","status":"publish","type":"product","link":"https:\/\/holtsapfel-euromoda.cz\/cs\/produkt\/disposable-protective-cover-packaging\/","title":{"rendered":"Balen\u00ed jednor\u00e1zov\u00fdch ochrann\u00fdch pl\u00e1\u0161\u0165\u016f (50 ks)"},"content":{"rendered":"","protected":false},"excerpt":{"rendered":"","protected":false},"featured_media":740,"template":"","meta":{"_et_pb_use_builder":"","_et_pb_old_content":"","_et_gb_content_width":""},"product_brand":[],"product_cat":[26],"product_tag":[],"class_list":{"0":"post-1326","1":"product","2":"type-product","3":"status-publish","4":"has-post-thumbnail","6":"product_cat-ochranne-odevy","8":"first","9":"onbackorder","10":"shipping-taxable","11":"purchasable","12":"product-type-simple"},"yoast_head":"<!-- This site is optimized with the Yoast SEO plugin v26.7 - https:\/\/yoast.com\/wordpress\/plugins\/seo\/ -->\n<title>Balen\u00ed jednor\u00e1zov\u00fdch ochrann\u00fdch pl\u00e1\u0161\u0165\u016f (50 ks) - EUROMODA - Holtsapfel<\/title>\n<meta name=\"robots\" content=\"index, follow, max-snippet:-1, max-image-preview:large, max-video-preview:-1\" \/>\n<link rel=\"canonical\" href=\"https:\/\/holtsapfel-euromoda.cz\/cs\/produkt\/disposable-protective-cover-packaging\/\" \/>\n<meta property=\"og:locale\" content=\"cs_CZ\" \/>\n<meta property=\"og:type\" content=\"article\" \/>\n<meta property=\"og:title\" content=\"Balen\u00ed jednor\u00e1zov\u00fdch ochrann\u00fdch pl\u00e1\u0161\u0165\u016f (50 ks) - EUROMODA - Holtsapfel\" \/>\n<meta property=\"og:url\" content=\"https:\/\/holtsapfel-euromoda.cz\/cs\/produkt\/disposable-protective-cover-packaging\/\" \/>\n<meta property=\"og:site_name\" content=\"EUROMODA - Holtsapfel\" \/>\n<meta property=\"article:modified_time\" content=\"2025-11-18T08:42:15+00:00\" \/>\n<meta property=\"og:image\" content=\"http:\/\/holtsapfel-euromoda.cz\/wp-content\/uploads\/2025\/07\/protective-coats.jpg\" \/>\n\t<meta property=\"og:image:width\" content=\"1080\" \/>\n\t<meta property=\"og:image:height\" content=\"1350\" \/>\n\t<meta property=\"og:image:type\" content=\"image\/jpeg\" \/>\n<meta name=\"twitter:card\" content=\"summary_large_image\" \/>\n<meta name=\"twitter:label1\" content=\"Odhadovan\u00e1 doba \u010dten\u00ed\" \/>\n\t<meta name=\"twitter:data1\" content=\"1 minuta\" \/>\n<script type=\"application\/ld+json\" class=\"yoast-schema-graph\">{\"@context\":\"https:\/\/schema.org\",\"@graph\":[{\"@type\":\"WebPage\",\"@id\":\"https:\/\/holtsapfel-euromoda.cz\/cs\/produkt\/disposable-protective-cover-packaging\/\",\"url\":\"https:\/\/holtsapfel-euromoda.cz\/cs\/produkt\/disposable-protective-cover-packaging\/\",\"name\":\"Balen\u00ed jednor\u00e1zov\u00fdch ochrann\u00fdch pl\u00e1\u0161\u0165\u016f (50 ks) - EUROMODA - Holtsapfel\",\"isPartOf\":{\"@id\":\"https:\/\/holtsapfel-euromoda.cz\/cs\/#website\"},\"primaryImageOfPage\":{\"@id\":\"https:\/\/holtsapfel-euromoda.cz\/cs\/produkt\/disposable-protective-cover-packaging\/#primaryimage\"},\"image\":{\"@id\":\"https:\/\/holtsapfel-euromoda.cz\/cs\/produkt\/disposable-protective-cover-packaging\/#primaryimage\"},\"thumbnailUrl\":\"https:\/\/holtsapfel-euromoda.cz\/wp-content\/uploads\/2025\/07\/protective-coats.jpg\",\"datePublished\":\"2020-08-28T09:17:51+00:00\",\"dateModified\":\"2025-11-18T08:42:15+00:00\",\"breadcrumb\":{\"@id\":\"https:\/\/holtsapfel-euromoda.cz\/cs\/produkt\/disposable-protective-cover-packaging\/#breadcrumb\"},\"inLanguage\":\"cs\",\"potentialAction\":[{\"@type\":\"ReadAction\",\"target\":[\"https:\/\/holtsapfel-euromoda.cz\/cs\/produkt\/disposable-protective-cover-packaging\/\"]}]},{\"@type\":\"ImageObject\",\"inLanguage\":\"cs\",\"@id\":\"https:\/\/holtsapfel-euromoda.cz\/cs\/produkt\/disposable-protective-cover-packaging\/#primaryimage\",\"url\":\"https:\/\/holtsapfel-euromoda.cz\/wp-content\/uploads\/2025\/07\/protective-coats.jpg\",\"contentUrl\":\"https:\/\/holtsapfel-euromoda.cz\/wp-content\/uploads\/2025\/07\/protective-coats.jpg\",\"width\":1080,\"height\":1350},{\"@type\":\"BreadcrumbList\",\"@id\":\"https:\/\/holtsapfel-euromoda.cz\/cs\/produkt\/disposable-protective-cover-packaging\/#breadcrumb\",\"itemListElement\":[{\"@type\":\"ListItem\",\"position\":1,\"name\":\"Startseite\",\"item\":\"https:\/\/holtsapfel-euromoda.cz\/cs\/\"},{\"@type\":\"ListItem\",\"position\":2,\"name\":\"SHOP\",\"item\":\"https:\/\/holtsapfel-euromoda.cz\/obchod\/\"},{\"@type\":\"ListItem\",\"position\":3,\"name\":\"Balen\u00ed jednor\u00e1zov\u00fdch ochrann\u00fdch pl\u00e1\u0161\u0165\u016f (50 ks)\"}]},{\"@type\":\"WebSite\",\"@id\":\"https:\/\/holtsapfel-euromoda.cz\/cs\/#website\",\"url\":\"https:\/\/holtsapfel-euromoda.cz\/cs\/\",\"name\":\"EUROMODA - Holtsapfel\",\"description\":\"Zpracov\u00e1n\u00ed textilu  a mal\u00e1 s\u00e9riov\u00e1 v\u00fdroba pro velk\u00e9 a men\u0161\u00ed firmy\",\"publisher\":{\"@id\":\"https:\/\/holtsapfel-euromoda.cz\/cs\/#organization\"},\"potentialAction\":[{\"@type\":\"SearchAction\",\"target\":{\"@type\":\"EntryPoint\",\"urlTemplate\":\"https:\/\/holtsapfel-euromoda.cz\/cs\/?s={search_term_string}\"},\"query-input\":{\"@type\":\"PropertyValueSpecification\",\"valueRequired\":true,\"valueName\":\"search_term_string\"}}],\"inLanguage\":\"cs\"},{\"@type\":\"Organization\",\"@id\":\"https:\/\/holtsapfel-euromoda.cz\/cs\/#organization\",\"name\":\"EUROMODA - Holtsapfel\",\"url\":\"https:\/\/holtsapfel-euromoda.cz\/cs\/\",\"logo\":{\"@type\":\"ImageObject\",\"inLanguage\":\"cs\",\"@id\":\"https:\/\/holtsapfel-euromoda.cz\/cs\/#\/schema\/logo\/image\/\",\"url\":\"https:\/\/holtsapfel-euromoda.cz\/wp-content\/uploads\/2025\/06\/LOGO_ONLINE_Kreslici-platno-1.png\",\"contentUrl\":\"https:\/\/holtsapfel-euromoda.cz\/wp-content\/uploads\/2025\/06\/LOGO_ONLINE_Kreslici-platno-1.png\",\"width\":1160,\"height\":334,\"caption\":\"EUROMODA - Holtsapfel\"},\"image\":{\"@id\":\"https:\/\/holtsapfel-euromoda.cz\/cs\/#\/schema\/logo\/image\/\"}}]}<\/script>\n<!-- \/ Yoast SEO plugin. -->","yoast_head_json":{"title":"Balen\u00ed jednor\u00e1zov\u00fdch ochrann\u00fdch pl\u00e1\u0161\u0165\u016f (50 ks) - EUROMODA - Holtsapfel","robots":{"index":"index","follow":"follow","max-snippet":"max-snippet:-1","max-image-preview":"max-image-preview:large","max-video-preview":"max-video-preview:-1"},"canonical":"https:\/\/holtsapfel-euromoda.cz\/cs\/produkt\/disposable-protective-cover-packaging\/","og_locale":"cs_CZ","og_type":"article","og_title":"Balen\u00ed jednor\u00e1zov\u00fdch ochrann\u00fdch pl\u00e1\u0161\u0165\u016f (50 ks) - EUROMODA - Holtsapfel","og_url":"https:\/\/holtsapfel-euromoda.cz\/cs\/produkt\/disposable-protective-cover-packaging\/","og_site_name":"EUROMODA - Holtsapfel","article_modified_time":"2025-11-18T08:42:15+00:00","og_image":[{"width":1080,"height":1350,"url":"http:\/\/holtsapfel-euromoda.cz\/wp-content\/uploads\/2025\/07\/protective-coats.jpg","type":"image\/jpeg"}],"twitter_card":"summary_large_image","twitter_misc":{"Odhadovan\u00e1 doba \u010dten\u00ed":"1 minuta"},"schema":{"@context":"https:\/\/schema.org","@graph":[{"@type":"WebPage","@id":"https:\/\/holtsapfel-euromoda.cz\/cs\/produkt\/disposable-protective-cover-packaging\/","url":"https:\/\/holtsapfel-euromoda.cz\/cs\/produkt\/disposable-protective-cover-packaging\/","name":"Balen\u00ed jednor\u00e1zov\u00fdch ochrann\u00fdch pl\u00e1\u0161\u0165\u016f (50 ks) - EUROMODA - Holtsapfel","isPartOf":{"@id":"https:\/\/holtsapfel-euromoda.cz\/cs\/#website"},"primaryImageOfPage":{"@id":"https:\/\/holtsapfel-euromoda.cz\/cs\/produkt\/disposable-protective-cover-packaging\/#primaryimage"},"image":{"@id":"https:\/\/holtsapfel-euromoda.cz\/cs\/produkt\/disposable-protective-cover-packaging\/#primaryimage"},"thumbnailUrl":"https:\/\/holtsapfel-euromoda.cz\/wp-content\/uploads\/2025\/07\/protective-coats.jpg","datePublished":"2020-08-28T09:17:51+00:00","dateModified":"2025-11-18T08:42:15+00:00","breadcrumb":{"@id":"https:\/\/holtsapfel-euromoda.cz\/cs\/produkt\/disposable-protective-cover-packaging\/#breadcrumb"},"inLanguage":"cs","potentialAction":[{"@type":"ReadAction","target":["https:\/\/holtsapfel-euromoda.cz\/cs\/produkt\/disposable-protective-cover-packaging\/"]}]},{"@type":"ImageObject","inLanguage":"cs","@id":"https:\/\/holtsapfel-euromoda.cz\/cs\/produkt\/disposable-protective-cover-packaging\/#primaryimage","url":"https:\/\/holtsapfel-euromoda.cz\/wp-content\/uploads\/2025\/07\/protective-coats.jpg","contentUrl":"https:\/\/holtsapfel-euromoda.cz\/wp-content\/uploads\/2025\/07\/protective-coats.jpg","width":1080,"height":1350},{"@type":"BreadcrumbList","@id":"https:\/\/holtsapfel-euromoda.cz\/cs\/produkt\/disposable-protective-cover-packaging\/#breadcrumb","itemListElement":[{"@type":"ListItem","position":1,"name":"Startseite","item":"https:\/\/holtsapfel-euromoda.cz\/cs\/"},{"@type":"ListItem","position":2,"name":"SHOP","item":"https:\/\/holtsapfel-euromoda.cz\/obchod\/"},{"@type":"ListItem","position":3,"name":"Balen\u00ed jednor\u00e1zov\u00fdch ochrann\u00fdch pl\u00e1\u0161\u0165\u016f (50 ks)"}]},{"@type":"WebSite","@id":"https:\/\/holtsapfel-euromoda.cz\/cs\/#website","url":"https:\/\/holtsapfel-euromoda.cz\/cs\/","name":"EUROMODA - Holtsapfel","description":"Zpracov\u00e1n\u00ed textilu  a mal\u00e1 s\u00e9riov\u00e1 v\u00fdroba pro velk\u00e9 a men\u0161\u00ed firmy","publisher":{"@id":"https:\/\/holtsapfel-euromoda.cz\/cs\/#organization"},"potentialAction":[{"@type":"SearchAction","target":{"@type":"EntryPoint","urlTemplate":"https:\/\/holtsapfel-euromoda.cz\/cs\/?s={search_term_string}"},"query-input":{"@type":"PropertyValueSpecification","valueRequired":true,"valueName":"search_term_string"}}],"inLanguage":"cs"},{"@type":"Organization","@id":"https:\/\/holtsapfel-euromoda.cz\/cs\/#organization","name":"EUROMODA - Holtsapfel","url":"https:\/\/holtsapfel-euromoda.cz\/cs\/","logo":{"@type":"ImageObject","inLanguage":"cs","@id":"https:\/\/holtsapfel-euromoda.cz\/cs\/#\/schema\/logo\/image\/","url":"https:\/\/holtsapfel-euromoda.cz\/wp-content\/uploads\/2025\/06\/LOGO_ONLINE_Kreslici-platno-1.png","contentUrl":"https:\/\/holtsapfel-euromoda.cz\/wp-content\/uploads\/2025\/06\/LOGO_ONLINE_Kreslici-platno-1.png","width":1160,"height":334,"caption":"EUROMODA - Holtsapfel"},"image":{"@id":"https:\/\/holtsapfel-euromoda.cz\/cs\/#\/schema\/logo\/image\/"}}]}},"_links":{"self":[{"href":"https:\/\/holtsapfel-euromoda.cz\/cs\/wp-json\/wp\/v2\/product\/1326","targetHints":{"allow":["GET"]}}],"collection":[{"href":"https:\/\/holtsapfel-euromoda.cz\/cs\/wp-json\/wp\/v2\/product"}],"about":[{"href":"https:\/\/holtsapfel-euromoda.cz\/cs\/wp-json\/wp\/v2\/types\/product"}],"wp:featuredmedia":[{"embeddable":true,"href":"https:\/\/holtsapfel-euromoda.cz\/cs\/wp-json\/wp\/v2\/media\/740"}],"wp:attachment":[{"href":"https:\/\/holtsapfel-euromoda.cz\/cs\/wp-json\/wp\/v2\/media?parent=1326"}],"wp:term":[{"taxonomy":"product_brand","embeddable":true,"href":"https:\/\/holtsapfel-euromoda.cz\/cs\/wp-json\/wp\/v2\/product_brand?post=1326"},{"taxonomy":"product_cat","embeddable":true,"href":"https:\/\/holtsapfel-euromoda.cz\/cs\/wp-json\/wp\/v2\/product_cat?post=1326"},{"taxonomy":"product_tag","embeddable":true,"href":"https:\/\/holtsapfel-euromoda.cz\/cs\/wp-json\/wp\/v2\/product_tag?post=1326"}],"curies":[{"name":"wp","href":"https:\/\/api.w.org\/{rel}","templated":true}]}}