{"id":521,"date":"2020-09-28T13:26:11","date_gmt":"2020-09-28T11:26:11","guid":{"rendered":"http:\/\/holtsapfel-euromoda.cz\/produkt\/packaging-of-disposable-protective-overalls-50pcs\/"},"modified":"2025-12-05T15:55:04","modified_gmt":"2025-12-05T14:55:04","slug":"packaging-of-disposable-protective-overalls-50pcs","status":"publish","type":"product","link":"https:\/\/holtsapfel-euromoda.cz\/de\/produkt\/packaging-of-disposable-protective-overalls-50pcs\/","title":{"rendered":"Packaging of disposable protective overalls (50pcs)"},"content":{"rendered":"","protected":false},"excerpt":{"rendered":"","protected":false},"featured_media":741,"template":"","meta":{"_et_pb_use_builder":"","_et_pb_old_content":"","_et_gb_content_width":""},"product_brand":[],"product_cat":[35],"product_tag":[],"class_list":{"0":"post-521","1":"product","2":"type-product","3":"status-publish","4":"has-post-thumbnail","6":"product_cat-protective-clothing","8":"first","9":"instock","10":"shipping-taxable","11":"purchasable","12":"product-type-variable"},"yoast_head":"<!-- This site is optimized with the Yoast SEO plugin v26.7 - https:\/\/yoast.com\/wordpress\/plugins\/seo\/ -->\n<title>Packaging of disposable protective overalls (50pcs) - EUROMODA - Holtsapfel<\/title>\n<meta name=\"robots\" content=\"index, follow, max-snippet:-1, max-image-preview:large, max-video-preview:-1\" \/>\n<link rel=\"canonical\" href=\"https:\/\/holtsapfel-euromoda.cz\/de\/produkt\/packaging-of-disposable-protective-overalls-50pcs\/\" \/>\n<meta property=\"og:locale\" content=\"de_DE\" \/>\n<meta property=\"og:type\" content=\"article\" \/>\n<meta property=\"og:title\" content=\"Packaging of disposable protective overalls (50pcs) - EUROMODA - Holtsapfel\" \/>\n<meta property=\"og:url\" content=\"https:\/\/holtsapfel-euromoda.cz\/de\/produkt\/packaging-of-disposable-protective-overalls-50pcs\/\" \/>\n<meta property=\"og:site_name\" content=\"EUROMODA - Holtsapfel\" \/>\n<meta property=\"article:modified_time\" content=\"2025-12-05T14:55:04+00:00\" \/>\n<meta property=\"og:image\" content=\"http:\/\/holtsapfel-euromoda.cz\/wp-content\/uploads\/2025\/07\/protective-overalls.jpg\" \/>\n\t<meta property=\"og:image:width\" content=\"1080\" \/>\n\t<meta property=\"og:image:height\" content=\"1350\" \/>\n\t<meta property=\"og:image:type\" content=\"image\/jpeg\" \/>\n<meta name=\"twitter:card\" content=\"summary_large_image\" \/>\n<meta name=\"twitter:label1\" content=\"Gesch\u00e4tzte Lesezeit\" \/>\n\t<meta name=\"twitter:data1\" content=\"1\u00a0Minute\" \/>\n<script type=\"application\/ld+json\" class=\"yoast-schema-graph\">{\"@context\":\"https:\/\/schema.org\",\"@graph\":[{\"@type\":\"WebPage\",\"@id\":\"https:\/\/holtsapfel-euromoda.cz\/de\/produkt\/packaging-of-disposable-protective-overalls-50pcs\/\",\"url\":\"https:\/\/holtsapfel-euromoda.cz\/de\/produkt\/packaging-of-disposable-protective-overalls-50pcs\/\",\"name\":\"Packaging of disposable protective overalls (50pcs) - EUROMODA - Holtsapfel\",\"isPartOf\":{\"@id\":\"https:\/\/holtsapfel-euromoda.cz\/de\/#website\"},\"primaryImageOfPage\":{\"@id\":\"https:\/\/holtsapfel-euromoda.cz\/de\/produkt\/packaging-of-disposable-protective-overalls-50pcs\/#primaryimage\"},\"image\":{\"@id\":\"https:\/\/holtsapfel-euromoda.cz\/de\/produkt\/packaging-of-disposable-protective-overalls-50pcs\/#primaryimage\"},\"thumbnailUrl\":\"https:\/\/holtsapfel-euromoda.cz\/wp-content\/uploads\/2025\/07\/protective-overalls.jpg\",\"datePublished\":\"2020-09-28T11:26:11+00:00\",\"dateModified\":\"2025-12-05T14:55:04+00:00\",\"breadcrumb\":{\"@id\":\"https:\/\/holtsapfel-euromoda.cz\/de\/produkt\/packaging-of-disposable-protective-overalls-50pcs\/#breadcrumb\"},\"inLanguage\":\"de\",\"potentialAction\":[{\"@type\":\"ReadAction\",\"target\":[\"https:\/\/holtsapfel-euromoda.cz\/de\/produkt\/packaging-of-disposable-protective-overalls-50pcs\/\"]}]},{\"@type\":\"ImageObject\",\"inLanguage\":\"de\",\"@id\":\"https:\/\/holtsapfel-euromoda.cz\/de\/produkt\/packaging-of-disposable-protective-overalls-50pcs\/#primaryimage\",\"url\":\"https:\/\/holtsapfel-euromoda.cz\/wp-content\/uploads\/2025\/07\/protective-overalls.jpg\",\"contentUrl\":\"https:\/\/holtsapfel-euromoda.cz\/wp-content\/uploads\/2025\/07\/protective-overalls.jpg\",\"width\":1080,\"height\":1350},{\"@type\":\"BreadcrumbList\",\"@id\":\"https:\/\/holtsapfel-euromoda.cz\/de\/produkt\/packaging-of-disposable-protective-overalls-50pcs\/#breadcrumb\",\"itemListElement\":[{\"@type\":\"ListItem\",\"position\":1,\"name\":\"Startseite\",\"item\":\"https:\/\/holtsapfel-euromoda.cz\/de\/\"},{\"@type\":\"ListItem\",\"position\":2,\"name\":\"Shop\",\"item\":\"https:\/\/holtsapfel-euromoda.cz\/de\/shop\/\"},{\"@type\":\"ListItem\",\"position\":3,\"name\":\"Packaging of disposable protective overalls (50pcs)\"}]},{\"@type\":\"WebSite\",\"@id\":\"https:\/\/holtsapfel-euromoda.cz\/de\/#website\",\"url\":\"https:\/\/holtsapfel-euromoda.cz\/de\/\",\"name\":\"EUROMODA - Holtsapfel\",\"description\":\"Zpracov\u00e1n\u00ed textilu  a mal\u00e1 s\u00e9riov\u00e1 v\u00fdroba pro velk\u00e9 a men\u0161\u00ed firmy\",\"publisher\":{\"@id\":\"https:\/\/holtsapfel-euromoda.cz\/de\/#organization\"},\"potentialAction\":[{\"@type\":\"SearchAction\",\"target\":{\"@type\":\"EntryPoint\",\"urlTemplate\":\"https:\/\/holtsapfel-euromoda.cz\/de\/?s={search_term_string}\"},\"query-input\":{\"@type\":\"PropertyValueSpecification\",\"valueRequired\":true,\"valueName\":\"search_term_string\"}}],\"inLanguage\":\"de\"},{\"@type\":\"Organization\",\"@id\":\"https:\/\/holtsapfel-euromoda.cz\/de\/#organization\",\"name\":\"EUROMODA - Holtsapfel\",\"url\":\"https:\/\/holtsapfel-euromoda.cz\/de\/\",\"logo\":{\"@type\":\"ImageObject\",\"inLanguage\":\"de\",\"@id\":\"https:\/\/holtsapfel-euromoda.cz\/de\/#\/schema\/logo\/image\/\",\"url\":\"https:\/\/holtsapfel-euromoda.cz\/wp-content\/uploads\/2025\/06\/LOGO_ONLINE_Kreslici-platno-1.png\",\"contentUrl\":\"https:\/\/holtsapfel-euromoda.cz\/wp-content\/uploads\/2025\/06\/LOGO_ONLINE_Kreslici-platno-1.png\",\"width\":1160,\"height\":334,\"caption\":\"EUROMODA - Holtsapfel\"},\"image\":{\"@id\":\"https:\/\/holtsapfel-euromoda.cz\/de\/#\/schema\/logo\/image\/\"}}]}<\/script>\n<!-- \/ Yoast SEO plugin. -->","yoast_head_json":{"title":"Packaging of disposable protective overalls (50pcs) - EUROMODA - Holtsapfel","robots":{"index":"index","follow":"follow","max-snippet":"max-snippet:-1","max-image-preview":"max-image-preview:large","max-video-preview":"max-video-preview:-1"},"canonical":"https:\/\/holtsapfel-euromoda.cz\/de\/produkt\/packaging-of-disposable-protective-overalls-50pcs\/","og_locale":"de_DE","og_type":"article","og_title":"Packaging of disposable protective overalls (50pcs) - EUROMODA - Holtsapfel","og_url":"https:\/\/holtsapfel-euromoda.cz\/de\/produkt\/packaging-of-disposable-protective-overalls-50pcs\/","og_site_name":"EUROMODA - Holtsapfel","article_modified_time":"2025-12-05T14:55:04+00:00","og_image":[{"width":1080,"height":1350,"url":"http:\/\/holtsapfel-euromoda.cz\/wp-content\/uploads\/2025\/07\/protective-overalls.jpg","type":"image\/jpeg"}],"twitter_card":"summary_large_image","twitter_misc":{"Gesch\u00e4tzte Lesezeit":"1\u00a0Minute"},"schema":{"@context":"https:\/\/schema.org","@graph":[{"@type":"WebPage","@id":"https:\/\/holtsapfel-euromoda.cz\/de\/produkt\/packaging-of-disposable-protective-overalls-50pcs\/","url":"https:\/\/holtsapfel-euromoda.cz\/de\/produkt\/packaging-of-disposable-protective-overalls-50pcs\/","name":"Packaging of disposable protective overalls (50pcs) - EUROMODA - Holtsapfel","isPartOf":{"@id":"https:\/\/holtsapfel-euromoda.cz\/de\/#website"},"primaryImageOfPage":{"@id":"https:\/\/holtsapfel-euromoda.cz\/de\/produkt\/packaging-of-disposable-protective-overalls-50pcs\/#primaryimage"},"image":{"@id":"https:\/\/holtsapfel-euromoda.cz\/de\/produkt\/packaging-of-disposable-protective-overalls-50pcs\/#primaryimage"},"thumbnailUrl":"https:\/\/holtsapfel-euromoda.cz\/wp-content\/uploads\/2025\/07\/protective-overalls.jpg","datePublished":"2020-09-28T11:26:11+00:00","dateModified":"2025-12-05T14:55:04+00:00","breadcrumb":{"@id":"https:\/\/holtsapfel-euromoda.cz\/de\/produkt\/packaging-of-disposable-protective-overalls-50pcs\/#breadcrumb"},"inLanguage":"de","potentialAction":[{"@type":"ReadAction","target":["https:\/\/holtsapfel-euromoda.cz\/de\/produkt\/packaging-of-disposable-protective-overalls-50pcs\/"]}]},{"@type":"ImageObject","inLanguage":"de","@id":"https:\/\/holtsapfel-euromoda.cz\/de\/produkt\/packaging-of-disposable-protective-overalls-50pcs\/#primaryimage","url":"https:\/\/holtsapfel-euromoda.cz\/wp-content\/uploads\/2025\/07\/protective-overalls.jpg","contentUrl":"https:\/\/holtsapfel-euromoda.cz\/wp-content\/uploads\/2025\/07\/protective-overalls.jpg","width":1080,"height":1350},{"@type":"BreadcrumbList","@id":"https:\/\/holtsapfel-euromoda.cz\/de\/produkt\/packaging-of-disposable-protective-overalls-50pcs\/#breadcrumb","itemListElement":[{"@type":"ListItem","position":1,"name":"Startseite","item":"https:\/\/holtsapfel-euromoda.cz\/de\/"},{"@type":"ListItem","position":2,"name":"Shop","item":"https:\/\/holtsapfel-euromoda.cz\/de\/shop\/"},{"@type":"ListItem","position":3,"name":"Packaging of disposable protective overalls (50pcs)"}]},{"@type":"WebSite","@id":"https:\/\/holtsapfel-euromoda.cz\/de\/#website","url":"https:\/\/holtsapfel-euromoda.cz\/de\/","name":"EUROMODA - Holtsapfel","description":"Zpracov\u00e1n\u00ed textilu  a mal\u00e1 s\u00e9riov\u00e1 v\u00fdroba pro velk\u00e9 a men\u0161\u00ed firmy","publisher":{"@id":"https:\/\/holtsapfel-euromoda.cz\/de\/#organization"},"potentialAction":[{"@type":"SearchAction","target":{"@type":"EntryPoint","urlTemplate":"https:\/\/holtsapfel-euromoda.cz\/de\/?s={search_term_string}"},"query-input":{"@type":"PropertyValueSpecification","valueRequired":true,"valueName":"search_term_string"}}],"inLanguage":"de"},{"@type":"Organization","@id":"https:\/\/holtsapfel-euromoda.cz\/de\/#organization","name":"EUROMODA - Holtsapfel","url":"https:\/\/holtsapfel-euromoda.cz\/de\/","logo":{"@type":"ImageObject","inLanguage":"de","@id":"https:\/\/holtsapfel-euromoda.cz\/de\/#\/schema\/logo\/image\/","url":"https:\/\/holtsapfel-euromoda.cz\/wp-content\/uploads\/2025\/06\/LOGO_ONLINE_Kreslici-platno-1.png","contentUrl":"https:\/\/holtsapfel-euromoda.cz\/wp-content\/uploads\/2025\/06\/LOGO_ONLINE_Kreslici-platno-1.png","width":1160,"height":334,"caption":"EUROMODA - Holtsapfel"},"image":{"@id":"https:\/\/holtsapfel-euromoda.cz\/de\/#\/schema\/logo\/image\/"}}]}},"_links":{"self":[{"href":"https:\/\/holtsapfel-euromoda.cz\/de\/wp-json\/wp\/v2\/product\/521","targetHints":{"allow":["GET"]}}],"collection":[{"href":"https:\/\/holtsapfel-euromoda.cz\/de\/wp-json\/wp\/v2\/product"}],"about":[{"href":"https:\/\/holtsapfel-euromoda.cz\/de\/wp-json\/wp\/v2\/types\/product"}],"wp:featuredmedia":[{"embeddable":true,"href":"https:\/\/holtsapfel-euromoda.cz\/de\/wp-json\/wp\/v2\/media\/741"}],"wp:attachment":[{"href":"https:\/\/holtsapfel-euromoda.cz\/de\/wp-json\/wp\/v2\/media?parent=521"}],"wp:term":[{"taxonomy":"product_brand","embeddable":true,"href":"https:\/\/holtsapfel-euromoda.cz\/de\/wp-json\/wp\/v2\/product_brand?post=521"},{"taxonomy":"product_cat","embeddable":true,"href":"https:\/\/holtsapfel-euromoda.cz\/de\/wp-json\/wp\/v2\/product_cat?post=521"},{"taxonomy":"product_tag","embeddable":true,"href":"https:\/\/holtsapfel-euromoda.cz\/de\/wp-json\/wp\/v2\/product_tag?post=521"}],"curies":[{"name":"wp","href":"https:\/\/api.w.org\/{rel}","templated":true}]}}